{"id":9391,"date":"2025-05-20T11:14:14","date_gmt":"2025-05-20T09:14:14","guid":{"rendered":"https:\/\/konference.ranapece.cz\/?post_type=product&#038;p=9391"},"modified":"2025-07-09T14:21:38","modified_gmt":"2025-07-09T12:21:38","slug":"terapeuticke-krmeni-2","status":"publish","type":"product","link":"https:\/\/konference.ranapece.cz\/product\/terapeuticke-krmeni-2\/","title":{"rendered":"Terapeutick\u00e9 krmen\u00ed"},"content":{"rendered":"<p>Terapeutick\u00e9 krmen\u00ed je specializovan\u00fd p\u0159\u00edstup k pod\u00e1v\u00e1n\u00ed j\u00eddla a tekutin d\u011btem a dosp\u011bl\u00fdm, kte\u0159\u00ed maj\u00ed pot\u00ed\u017ee s p\u0159\u00edjmem potravy \u00fasty. Tyto pot\u00ed\u017ee mohu b\u00fdt zp\u016fsobeny r\u016fzn\u00fdmi zdravotn\u00edmi stavy nap\u0159.: neurologick\u00e9 pot\u00ed\u017ee, v\u00fdvojov\u00e9 vady, respira\u010dn\u00ed a gastrointestin\u00e1ln\u00ed probl\u00e9my, poruchy p\u0159\u00edjmu potravy. C\u00edlem je zaji\u0161t\u011bn\u00ed adekv\u00e1tn\u00ed v\u00fd\u017eivy a hydratace, zlep\u0161en\u00ed bezpe\u010dnosti a efektivity krmen\u00ed, podpora rozvoje or\u00e1ln\u011b \u2013 motorick\u00fdch dovednost\u00ed, sn\u00ed\u017een\u00ed rizik aspirac\u00ed, zlep\u0161en\u00ed kvality \u017eivota d\u011bt\u00ed a jejich rodin.<br \/>\nK metod\u00e1m terapeutick\u00e9ho krmen\u00ed \u0159ad\u00edme \u00fapravu konzistence stravy, zm\u011bny polohy p\u0159i krmen\u00ed, pou\u017eit\u00ed speci\u00e1ln\u00edch pom\u016fcek, stimulace or\u00e1ln\u011b motorick\u00fdch dovednost\u00ed, behavior\u00e1n\u00ed technicky (posilov\u00e1n\u00ed pozitivn\u00edch strategi\u00ed p\u0159i p\u0159\u00edjmu potravy), zaveden\u00ed entr\u00e1ln\u00ed a parent\u00e1ln\u00ed v\u00fd\u017eivu. Indikac\u00ed pro terapeutick\u00e9 krmen\u00ed je dysfagie (obt\u00ed\u017ee s polyk\u00e1n\u00edm), odm\u00edt\u00e1n\u00ed j\u00eddla nebo vyb\u00edravost, pomal\u00fd nebo nedostate\u010dn\u00fd p\u0159\u00edjem potravy, ztr\u00e1ta hmotnosti nebo neprosp\u00edv\u00e1n\u00ed, aspirace nebo opakovan\u00e9 respira\u010dn\u00ed infekce v souvislosti s krmen\u00edm. Tento druh terapie si klade za c\u00edl ud\u011blat z j\u00eddla p\u0159\u00edjemn\u00fd \u010das pro d\u00edt\u011b a jeho rodinu. Vy\u0161kolen\u00fd terapeut se zam\u011b\u0159uje na pot\u00ed\u017ee d\u00edt\u011bte s j\u00eddlem, a\u0165 u\u017e jde o extr\u00e9mn\u00ed vyb\u00edravost, pokud jde o j\u00eddlo, nebo fyzick\u00e1 omezen\u00ed, jako jsou pot\u00ed\u017ee se \u017ev\u00fdk\u00e1n\u00edm a polyk\u00e1n\u00edm. Na terapeutick\u00e9m krmen\u00ed se pod\u00edl\u00ed logoped, ergoterapeut, nutri\u010dn\u00ed terapeut, l\u00e9ka\u0159, fyzioterapeut, psycholog.<\/p>\n<p>V p\u0159\u00edsp\u011bvku se budeme bavit o t\u00e9matech v\u00fdvoje \u0159e\u010di prost\u0159ednictv\u00edm p\u0159\u00edjmu potravy:<br \/>\n\u2022 Jak mohu podpo\u0159it v\u00fdvoj \u0159e\u010di v souvislosti s technikou p\u0159\u00edjmu potravy<br \/>\n\u2022 Vliv textury stravy na pohyby jazyka, \u010delisti, zlep\u0161en\u00ed or\u00e1ln\u00ed motoriky<br \/>\n\u2022 Techniky p\u0159\u00edjmu potravy l\u017ei\u010dkou, pit\u00ed z hrnku, p\u00edtka, sl\u00e1nky<br \/>\n\u2022 Vliv senzoriky na p\u0159\u00edjem potravy v souvislosti s typy posti\u017een\u00ed (DMO, PAS)<br \/>\n\u2022 Rady p\u0159i zav\u00e1d\u011bn\u00ed nov\u00fdch potravin do j\u00eddeln\u00ed\u010dku<\/p>\n","protected":false},"excerpt":{"rendered":"<h4>Salonek Strel\u00edcie<\/h4>\n<p>Terapeutick\u00e9 krmen\u00ed \u2013 Marcela Jarol\u00edmov\u00e1 \u017d\u00ed\u017ealov\u00e1<\/p>\n","protected":false},"featured_media":9447,"template":"","meta":[],"product_cat":[16],"product_tag":[],"_links":{"self":[{"href":"https:\/\/konference.ranapece.cz\/wp-json\/wp\/v2\/product\/9391"}],"collection":[{"href":"https:\/\/konference.ranapece.cz\/wp-json\/wp\/v2\/product"}],"about":[{"href":"https:\/\/konference.ranapece.cz\/wp-json\/wp\/v2\/types\/product"}],"wp:featuredmedia":[{"embeddable":true,"href":"https:\/\/konference.ranapece.cz\/wp-json\/wp\/v2\/media\/9447"}],"wp:attachment":[{"href":"https:\/\/konference.ranapece.cz\/wp-json\/wp\/v2\/media?parent=9391"}],"wp:term":[{"taxonomy":"product_cat","embeddable":true,"href":"https:\/\/konference.ranapece.cz\/wp-json\/wp\/v2\/product_cat?post=9391"},{"taxonomy":"product_tag","embeddable":true,"href":"https:\/\/konference.ranapece.cz\/wp-json\/wp\/v2\/product_tag?post=9391"}],"curies":[{"name":"wp","href":"https:\/\/api.w.org\/{rel}","templated":true}]}}