{"id":9388,"date":"2025-05-20T11:09:20","date_gmt":"2025-05-20T09:09:20","guid":{"rendered":"https:\/\/konference.ranapece.cz\/?post_type=product&#038;p=9388"},"modified":"2025-08-18T09:15:12","modified_gmt":"2025-08-18T07:15:12","slug":"nahle-umrti-v-rodine","status":"publish","type":"product","link":"https:\/\/konference.ranapece.cz\/product\/nahle-umrti-v-rodine\/","title":{"rendered":"N\u00e1hl\u00e9 \u00famrt\u00ed v rodin\u011b"},"content":{"rendered":"<p>Workshop se v\u011bnuje t\u00e9matu n\u00e1hl\u00e9ho \u00famrt\u00ed v rodin\u011b a podpo\u0159e pe\u010duj\u00edc\u00edch osob v akutn\u00ed f\u00e1zi ztr\u00e1ty. Zam\u011b\u0159\u00edme se na to, jak pracovn\u00edci ran\u00e9 p\u00e9\u010de mohou citliv\u011b a bezpe\u010dn\u011b doprov\u00e1zet rodinu v krizov\u00e9 situaci. P\u0159edstav\u00edme p\u0159\u00edstupy a n\u00e1stroje, kter\u00e9 mohou pomoci zvl\u00e1dnout prvn\u00ed momenty po ztr\u00e1t\u011b bl\u00edzk\u00e9ho. Specificky se budeme v\u011bnovat poz\u016fstal\u00fdm d\u011btem, co (ne)\u0159\u00edkat a jak b\u00fdt oporou.<\/p>\n<p>Stru\u010dn\u00fd obsah:<br \/>\n-specifika n\u00e1hl\u00fdch \u00famrt\u00ed<br \/>\n-mo\u017enosti podpory poz\u016fstal\u00fdch rodin<br \/>\n-specifika komunikace s d\u011btmi<br \/>\n-u\u017eite\u010dn\u00e9 n\u00e1stroje a materi\u00e1ly<\/p>\n<p>www.poradna-vigvam.cz<\/p>\n","protected":false},"excerpt":{"rendered":"<h4>Salonek Slune\u010dnice<\/h4>\n<p>N\u00e1hl\u00e9 \u00famrt\u00ed v rodin\u011b &#8211; jak doprov\u00e1zet rodi\u010de \u2013 Tereza Lys\u00e1<\/p>\n","protected":false},"featured_media":9447,"template":"","meta":[],"product_cat":[16],"product_tag":[],"_links":{"self":[{"href":"https:\/\/konference.ranapece.cz\/wp-json\/wp\/v2\/product\/9388"}],"collection":[{"href":"https:\/\/konference.ranapece.cz\/wp-json\/wp\/v2\/product"}],"about":[{"href":"https:\/\/konference.ranapece.cz\/wp-json\/wp\/v2\/types\/product"}],"wp:featuredmedia":[{"embeddable":true,"href":"https:\/\/konference.ranapece.cz\/wp-json\/wp\/v2\/media\/9447"}],"wp:attachment":[{"href":"https:\/\/konference.ranapece.cz\/wp-json\/wp\/v2\/media?parent=9388"}],"wp:term":[{"taxonomy":"product_cat","embeddable":true,"href":"https:\/\/konference.ranapece.cz\/wp-json\/wp\/v2\/product_cat?post=9388"},{"taxonomy":"product_tag","embeddable":true,"href":"https:\/\/konference.ranapece.cz\/wp-json\/wp\/v2\/product_tag?post=9388"}],"curies":[{"name":"wp","href":"https:\/\/api.w.org\/{rel}","templated":true}]}}