{"id":9386,"date":"2025-05-20T11:06:03","date_gmt":"2025-05-20T09:06:03","guid":{"rendered":"https:\/\/konference.ranapece.cz\/?post_type=product&#038;p=9386"},"modified":"2025-07-03T09:29:10","modified_gmt":"2025-07-03T07:29:10","slug":"vyuziti-neurovyvojovych-pristupu-v-rane-peci","status":"publish","type":"product","link":"https:\/\/konference.ranapece.cz\/product\/vyuziti-neurovyvojovych-pristupu-v-rane-peci\/","title":{"rendered":"Vyu\u017eit\u00ed neurov\u00fdvojov\u00fdch p\u0159\u00edstup\u016f v ran\u00e9 p\u00e9\u010di"},"content":{"rendered":"<p>V posledn\u00edch letech se na trh ve velk\u00e9 m\u00ed\u0159e dost\u00e1vaj\u00ed r\u016fzn\u00e9 neurov\u00fdvojov\u00e9 p\u0159\u00edstupy. Tento trend se dot\u00fdk\u00e1 i ran\u00e9 p\u00e9\u010de. Proto\u017ee pracujeme s d\u011btmi s ohro\u017een\u00fdm v\u00fdvojem nebo ji\u017e s posti\u017een\u00edm, tak je pot\u0159eba zn\u00e1t v\u00fdvoj d\u00edt\u011bte z neurov\u00fdvojojv\u00e9ho pohledu. M\u016f\u017eeme pak rodin\u00e1m na z\u00e1klad\u011b dostate\u010dn\u00fdch erudovan\u00fdch informac\u00ed nab\u00eddnout vhodn\u00e9 odborn\u00edky \u010di konkr\u00e9tn\u00ed aktivity. V n\u00e1vaznosti na znalostech neurov\u00fdvoje d\u00edt\u011bte m\u016f\u017eeme monitorovat v\u00fdvoj jeho CNS a p\u0159\u00edpadn\u011b v\u010das doporu\u010dit l\u00e9ka\u0159sk\u00e9 vy\u0161et\u0159en\u00ed, ale z\u00e1rove\u0148 m\u016f\u017eeme preventivn\u011b doporu\u010dit aktivity vhodn\u00e9 k podpo\u0159e dozr\u00e1v\u00e1n\u00ed CNS. A proto\u017ee jsme ran\u00e1 p\u00e9\u010de a vstupujeme do cel\u00e9ho rodinn\u00e9ho syst\u00e9mu, m\u016f\u017eeme tak \u010dinit v souladu s cel\u00fdm rodinn\u00fdm syst\u00e9mem (tzn. \u017de nezat\u011b\u017eujeme rodinu dal\u0161\u00edmi terapiemi, ale sna\u017e\u00edme se c\u00edlen\u00e9 aktivity vpasovat do denn\u00edch rutin, sna\u017e\u00edme se p\u0159ed\u00e1vat rodin\u00e1m v\u011bdom\u00e9 hran\u00ed na z\u00e1klad\u011b poznatk\u016f z neurov\u00fdvojov\u00fdch p\u0159\u00edstup\u016f.<br \/>\n\u2022 P\u0159ehled neurov\u00fdvojov\u00fdch p\u0159\u00edstup\u016f<br \/>\n\u2022 Jak je m\u016f\u017ee vyu\u017e\u00edvat poradkyn\u011b ran\u00e9 p\u00e9\u010de.<br \/>\n\u2022 Jak m\u016f\u017eeme poznat u d\u00edt\u011bte do 1 roka odchylky od typick\u00e9ho neurov\u00fdvoje bez zn\u00e1m\u00e9 etiologie.<br \/>\n\u2022 Tipy na z\u00e1kladn\u00ed aktivity pro podporu spr\u00e1vn\u00e9ho v\u00fdvoje v r\u00e1mci neurov\u00fdvojov\u00fdch p\u0159\u00edstup\u016f.<\/p>\n","protected":false},"excerpt":{"rendered":"<h4>Salonek Chryzant\u00e9ma<\/h4>\n<p>Vyu\u017eit\u00ed neurov\u00fdvojov\u00fdch p\u0159\u00edstup\u016f v ran\u00e9 p\u00e9\u010di \u2013 Marie Modlitbov\u00e1, Martina Papou\u0161kov\u00e1<\/p>\n","protected":false},"featured_media":9447,"template":"","meta":[],"product_cat":[16],"product_tag":[],"_links":{"self":[{"href":"https:\/\/konference.ranapece.cz\/wp-json\/wp\/v2\/product\/9386"}],"collection":[{"href":"https:\/\/konference.ranapece.cz\/wp-json\/wp\/v2\/product"}],"about":[{"href":"https:\/\/konference.ranapece.cz\/wp-json\/wp\/v2\/types\/product"}],"wp:featuredmedia":[{"embeddable":true,"href":"https:\/\/konference.ranapece.cz\/wp-json\/wp\/v2\/media\/9447"}],"wp:attachment":[{"href":"https:\/\/konference.ranapece.cz\/wp-json\/wp\/v2\/media?parent=9386"}],"wp:term":[{"taxonomy":"product_cat","embeddable":true,"href":"https:\/\/konference.ranapece.cz\/wp-json\/wp\/v2\/product_cat?post=9386"},{"taxonomy":"product_tag","embeddable":true,"href":"https:\/\/konference.ranapece.cz\/wp-json\/wp\/v2\/product_tag?post=9386"}],"curies":[{"name":"wp","href":"https:\/\/api.w.org\/{rel}","templated":true}]}}