{"id":9339,"date":"2025-04-22T11:20:02","date_gmt":"2025-04-22T09:20:02","guid":{"rendered":"https:\/\/konference.ranapece.cz\/?post_type=product&#038;p=9339"},"modified":"2025-08-19T14:35:09","modified_gmt":"2025-08-19T12:35:09","slug":"pece-o-sourozence-deti-s-postizenim","status":"publish","type":"product","link":"https:\/\/konference.ranapece.cz\/product\/pece-o-sourozence-deti-s-postizenim\/","title":{"rendered":"P\u00e9\u010de o sourozence d\u011bt\u00ed s posti\u017een\u00edm"},"content":{"rendered":"<p>C\u00edlem workshopu je p\u0159edstaven\u00ed mo\u017enost\u00ed podpory, kterou m\u016f\u017ee pracovn\u00edk ran\u00e9 p\u00e9\u010de nab\u00eddnout zdrav\u00fdm sourozenc\u016fm, podrobn\u00e9mu p\u0159edstaven\u00ed mo\u017enost\u00ed dal\u0161\u00ed odborn\u00e9 i ka\u017edodenn\u00ed podpory zdrav\u00fdch sourozenc\u016f a rozboru \u00fa\u010dastn\u00edky vybran\u00fdch konkr\u00e9tn\u00edch t\u00e9ma kter\u00e1 do ka\u017edodenn\u00edho zdrav\u00fdch sourozenc\u016f pat\u0159\u00ed (nap\u0159. vhodn\u00fd zp\u016fsob p\u0159ed\u00e1v\u00e1n\u00ed informac\u00ed o probl\u00e9mech sourozence, mo\u017enosti posilov\u00e1n\u00ed sourozeneck\u00e9ho vztahu, zp\u016fsoby pr\u00e1ce s negativn\u00edmi emocemi v\u016f\u010di bratrovi\/sest\u0159e. \u0158e\u0161en\u00ed konkr\u00e9tn\u00edch t\u00e9mat a ot\u00e1zek \u00fa\u010dastn\u00edk\u016f.<\/p>\n","protected":false},"excerpt":{"rendered":"<h4>Salonek Forest<\/h4>\n<p>Dopl\u0148uj\u00edc\u00ed workshop k p\u0159edn\u00e1\u0161ce \u201cP\u00e9\u010de o sourozence d\u011bt\u00ed s posti\u017een\u00edm\u201d<\/p>\n<p>David Havelka<\/p>\n","protected":false},"featured_media":9447,"template":"","meta":[],"product_cat":[16],"product_tag":[],"_links":{"self":[{"href":"https:\/\/konference.ranapece.cz\/wp-json\/wp\/v2\/product\/9339"}],"collection":[{"href":"https:\/\/konference.ranapece.cz\/wp-json\/wp\/v2\/product"}],"about":[{"href":"https:\/\/konference.ranapece.cz\/wp-json\/wp\/v2\/types\/product"}],"wp:featuredmedia":[{"embeddable":true,"href":"https:\/\/konference.ranapece.cz\/wp-json\/wp\/v2\/media\/9447"}],"wp:attachment":[{"href":"https:\/\/konference.ranapece.cz\/wp-json\/wp\/v2\/media?parent=9339"}],"wp:term":[{"taxonomy":"product_cat","embeddable":true,"href":"https:\/\/konference.ranapece.cz\/wp-json\/wp\/v2\/product_cat?post=9339"},{"taxonomy":"product_tag","embeddable":true,"href":"https:\/\/konference.ranapece.cz\/wp-json\/wp\/v2\/product_tag?post=9339"}],"curies":[{"name":"wp","href":"https:\/\/api.w.org\/{rel}","templated":true}]}}