{"id":1988,"date":"2015-12-03T12:07:28","date_gmt":"2015-12-03T12:07:28","guid":{"rendered":"http:\/\/ventcampwp.com\/?page_id=1988"},"modified":"2025-06-09T15:19:03","modified_gmt":"2025-06-09T13:19:03","slug":"event-speakers","status":"publish","type":"page","link":"https:\/\/konference.ranapece.cz\/shortcodes\/event-speakers\/","title":{"rendered":"Speakers Tiled"},"content":{"rendered":"<p>[vc_row][vc_column][vc_icon type=&#8221;lineicons&#8221; icon_lineicons=&#8221;icon icon-office-21&#8243; size=&#8221;lg&#8221; align=&#8221;center&#8221;][vc_custom_heading text=&#8221;Speakers&#8221; font_container=&#8221;tag:h3|text_align:center&#8221;][vc_custom_heading text=&#8221;Very flexible shortcode, mix and match speakers anyway you wish&#8221; font_container=&#8221;tag:p|text_align:center|color:%238d93a0&#8243;][\/vc_column][\/vc_row][vc_row][vc_column][vc_custom_heading text=&#8221;Default: 3 cols&#8221; font_container=&#8221;tag:h5|text_align:center&#8221; el_class=&#8221;heading-alt&#8221;][vc_empty_space]<div data-columns=\"3\" class=\"speakers speakers-full speakers-3-columns  photo-round-shape photo-md hide-socials\"><div class='speaker-col'><div class='speaker'><div class='photo-wrapper photo-md photo-round-shape'  style=\"background-image: url(https:\/\/konference.ranapece.cz\/wp-content\/uploads\/2025\/06\/zakourilova_eva.jpg);\"><\/div><h3 class='name'><a href=\"https:\/\/konference.ranapece.cz\/speakers\/mgr-eva-zakourilova\">Mgr. Eva Zakou\u0159ilov\u00e1<\/a><\/h3><p class='text-alt'><small>Soci\u00e1ln\u00ed pracovnice a medi\u00e1torka<\/small><\/p><div class='about'><\/div><ul class='speaker-socials'><li><a target='_blank' href='https:\/\/konference.ranapece.cz\/speakers\/mgr-eva-zakourilova\/ \u200e'><span class='fa fa-external-link'><\/span><\/a><\/li><\/ul><\/div><\/div><\/div>[\/vc_column][\/vc_row][vc_row][vc_column][vc_custom_heading text=&#8221;Default: 4 cols&#8221; font_container=&#8221;tag:h5|text_align:center&#8221; el_class=&#8221;heading-alt bold&#8221;][vc_empty_space]<div data-columns=\"4\" class=\"speakers speakers-full speakers-4-columns  photo-round-shape photo-md hide-socials\"><div class='speaker-col'><div class='speaker'><div class='photo-wrapper photo-md photo-round-shape'  style=\"background-image: url(https:\/\/konference.ranapece.cz\/wp-content\/uploads\/2025\/06\/zakourilova_eva.jpg);\"><\/div><h3 class='name'><a href=\"https:\/\/konference.ranapece.cz\/speakers\/mgr-eva-zakourilova\">Mgr. Eva Zakou\u0159ilov\u00e1<\/a><\/h3><p class='text-alt'><small>Soci\u00e1ln\u00ed pracovnice a medi\u00e1torka<\/small><\/p><div class='about'><\/div><ul class='speaker-socials'><li><a target='_blank' href='https:\/\/konference.ranapece.cz\/speakers\/mgr-eva-zakourilova\/ \u200e'><span class='fa fa-external-link'><\/span><\/a><\/li><\/ul><\/div><\/div><\/div>[\/vc_column][\/vc_row][vc_row][vc_column][vc_custom_heading text=&#8221;Default: 2 cols&#8221; font_container=&#8221;tag:h5|text_align:center&#8221; el_class=&#8221;heading-alt&#8221;][vc_empty_space]<div data-columns=\"2\" class=\"speakers speakers-full speakers-2-columns  photo-round-shape photo-md hide-socials\"><div class='speaker-col'><div class='speaker'><div class='photo-wrapper photo-md photo-round-shape'  style=\"background-image: url(https:\/\/konference.ranapece.cz\/wp-content\/uploads\/2025\/06\/zakourilova_eva.jpg);\"><\/div><h3 class='name'><a href=\"https:\/\/konference.ranapece.cz\/speakers\/mgr-eva-zakourilova\">Mgr. Eva Zakou\u0159ilov\u00e1<\/a><\/h3><p class='text-alt'><small>Soci\u00e1ln\u00ed pracovnice a medi\u00e1torka<\/small><\/p><div class='about'><\/div><ul class='speaker-socials'><li><a target='_blank' href='https:\/\/konference.ranapece.cz\/speakers\/mgr-eva-zakourilova\/ \u200e'><span class='fa fa-external-link'><\/span><\/a><\/li><\/ul><\/div><\/div><\/div>[\/vc_column][\/vc_row][vc_row][vc_column][vc_custom_heading text=&#8221;Rounded Square: 3 cols&#8221; font_container=&#8221;tag:h5|text_align:center&#8221; el_class=&#8221;heading-alt&#8221;][vc_empty_space]<div data-columns=\"3\" class=\"speakers speakers-full speakers-3-columns  photo-rounded-square-shape photo-md hide-socials\"><div class='speaker-col'><div class='speaker'><div class='photo-wrapper photo-md photo-rounded-square-shape'  style=\"background-image: url(https:\/\/konference.ranapece.cz\/wp-content\/uploads\/2025\/06\/zakourilova_eva.jpg);\"><\/div><h3 class='name'><a href=\"https:\/\/konference.ranapece.cz\/speakers\/mgr-eva-zakourilova\">Mgr. Eva Zakou\u0159ilov\u00e1<\/a><\/h3><p class='text-alt'><small>Soci\u00e1ln\u00ed pracovnice a medi\u00e1torka<\/small><\/p><div class='about'><\/div><ul class='speaker-socials'><li><a target='_blank' href='https:\/\/konference.ranapece.cz\/speakers\/mgr-eva-zakourilova\/ \u200e'><span class='fa fa-external-link'><\/span><\/a><\/li><\/ul><\/div><\/div><\/div>[\/vc_column][\/vc_row][vc_row][vc_column][vc_custom_heading text=&#8221;Square: 3 cols&#8221; font_container=&#8221;tag:h5|text_align:center&#8221; el_class=&#8221;heading-alt&#8221;][vc_empty_space]<div data-columns=\"3\" class=\"speakers speakers-full speakers-3-columns  photo-square-shape photo-md hide-socials\"><div class='speaker-col'><div class='speaker'><div class='photo-wrapper photo-md photo-square-shape'  style=\"background-image: url(https:\/\/konference.ranapece.cz\/wp-content\/uploads\/2025\/06\/zakourilova_eva.jpg);\"><\/div><h3 class='name'><a href=\"https:\/\/konference.ranapece.cz\/speakers\/mgr-eva-zakourilova\">Mgr. Eva Zakou\u0159ilov\u00e1<\/a><\/h3><p class='text-alt'><small>Soci\u00e1ln\u00ed pracovnice a medi\u00e1torka<\/small><\/p><div class='about'><\/div><ul class='speaker-socials'><li><a target='_blank' href='https:\/\/konference.ranapece.cz\/speakers\/mgr-eva-zakourilova\/ \u200e'><span class='fa fa-external-link'><\/span><\/a><\/li><\/ul><\/div><\/div><\/div>[\/vc_column][\/vc_row][vc_row][vc_column][vc_custom_heading text=&#8221;Custom size: 3 cols&#8221; font_container=&#8221;tag:h5|text_align:center&#8221; el_class=&#8221;heading-alt&#8221;][vc_empty_space]<div data-columns=\"3\" class=\"speakers speakers-full speakers-3-columns  photo-rounded-square-shape photo-custom hide-socials\"><div class='speaker-col'><div class='speaker'><div class='photo-wrapper photo-custom photo-rounded-square-shape'  style=\"background-image: url(https:\/\/konference.ranapece.cz\/wp-content\/uploads\/2025\/06\/zakourilova_eva.jpg); max-height: 200px; max-width: 350px;\"><\/div><h3 class='name'><a href=\"https:\/\/konference.ranapece.cz\/speakers\/mgr-eva-zakourilova\">Mgr. Eva Zakou\u0159ilov\u00e1<\/a><\/h3><p class='text-alt'><small>Soci\u00e1ln\u00ed pracovnice a medi\u00e1torka<\/small><\/p><div class='about'><\/div><ul class='speaker-socials'><li><a target='_blank' href='https:\/\/konference.ranapece.cz\/speakers\/mgr-eva-zakourilova\/ \u200e'><span class='fa fa-external-link'><\/span><\/a><\/li><\/ul><\/div><\/div><\/div>[\/vc_column][\/vc_row]<\/p>\n","protected":false},"excerpt":{"rendered":"<p>[vc_row][vc_column][vc_icon type=&#8221;lineicons&#8221; icon_lineicons=&#8221;icon icon-office-21&#8243; size=&#8221;lg&#8221; align=&#8221;center&#8221;][vc_custom_heading text=&#8221;Speakers&#8221; font_container=&#8221;tag:h3|text_align:center&#8221;][vc_custom_heading text=&#8221;Very flexible shortcode, mix and match speakers anyway you wish&#8221; font_container=&#8221;tag:p|text_align:center|color:%238d93a0&#8243;][\/vc_column][\/vc_row][vc_row][vc_column][vc_custom_heading text=&#8221;Default: 3 cols&#8221; font_container=&#8221;tag:h5|text_align:center&#8221; el_class=&#8221;heading-alt&#8221;][vc_empty_space]Mgr. Eva Zakou\u0159ilov\u00e1Soci\u00e1ln\u00ed pracovnice a medi\u00e1torka[\/vc_column][\/vc_row][vc_row][vc_column][vc_custom_heading text=&#8221;Default: 4 cols&#8221; font_container=&#8221;tag:h5|text_align:center&#8221; el_class=&#8221;heading-alt bold&#8221;][vc_empty_space]Mgr. Eva Zakou\u0159ilov\u00e1Soci\u00e1ln\u00ed pracovnice a medi\u00e1torka[\/vc_column][\/vc_row][vc_row][vc_column][vc_custom_heading text=&#8221;Default: 2 cols&#8221; font_container=&#8221;tag:h5|text_align:center&#8221; el_class=&#8221;heading-alt&#8221;][vc_empty_space]Mgr. Eva Zakou\u0159ilov\u00e1Soci\u00e1ln\u00ed pracovnice a medi\u00e1torka[\/vc_column][\/vc_row][vc_row][vc_column][vc_custom_heading text=&#8221;Rounded Square: 3 cols&#8221; font_container=&#8221;tag:h5|text_align:center&#8221; [&hellip;]<\/p>\n","protected":false},"author":1,"featured_media":0,"parent":1767,"menu_order":0,"comment_status":"closed","ping_status":"closed","template":"","meta":[],"_links":{"self":[{"href":"https:\/\/konference.ranapece.cz\/wp-json\/wp\/v2\/pages\/1988"}],"collection":[{"href":"https:\/\/konference.ranapece.cz\/wp-json\/wp\/v2\/pages"}],"about":[{"href":"https:\/\/konference.ranapece.cz\/wp-json\/wp\/v2\/types\/page"}],"author":[{"embeddable":true,"href":"https:\/\/konference.ranapece.cz\/wp-json\/wp\/v2\/users\/1"}],"replies":[{"embeddable":true,"href":"https:\/\/konference.ranapece.cz\/wp-json\/wp\/v2\/comments?post=1988"}],"version-history":[{"count":5,"href":"https:\/\/konference.ranapece.cz\/wp-json\/wp\/v2\/pages\/1988\/revisions"}],"predecessor-version":[{"id":9512,"href":"https:\/\/konference.ranapece.cz\/wp-json\/wp\/v2\/pages\/1988\/revisions\/9512"}],"up":[{"embeddable":true,"href":"https:\/\/konference.ranapece.cz\/wp-json\/wp\/v2\/pages\/1767"}],"wp:attachment":[{"href":"https:\/\/konference.ranapece.cz\/wp-json\/wp\/v2\/media?parent=1988"}],"curies":[{"name":"wp","href":"https:\/\/api.w.org\/{rel}","templated":true}]}}